{"id":61,"date":"2025-04-07T07:21:01","date_gmt":"2025-04-07T07:21:01","guid":{"rendered":"https:\/\/home4now.de\/?page_id=61"},"modified":"2025-06-03T15:45:20","modified_gmt":"2025-06-03T15:45:20","slug":"home","status":"publish","type":"page","link":"https:\/\/home4now.de\/sk\/","title":{"rendered":"Domov"},"content":{"rendered":"<div class=\"wp-block-uagb-container uagb-block-87701b27 alignfull uagb-is-root-container\"><div class=\"uagb-container-inner-blocks-wrap\">\n<div class=\"wp-block-uagb-container uagb-block-c2a70a6f\">\n<div class=\"wp-block-uagb-container uagb-block-6c0a8082\">\n<div class=\"wp-block-uagb-advanced-heading uagb-block-18ef83f1\"><h1 class=\"uagb-heading-text\">Byty pre mont\u00e1\u017enikov v metropolitnej oblasti Kol\u00edna nad R\u00fdnom<\/h1><\/div>\n\n\n\n<div class=\"wp-block-uagb-advanced-heading uagb-block-f067e8a3 subheading\"><p class=\"uagb-heading-text\">Po skon\u010den\u00ed pr\u00e1ce si odd\u00fdchnite:<br>Najlep\u0161ie ubytovanie na pren\u00e1jom je teraz k dispoz\u00edcii!<\/p><\/div>\n\n\n\n<div class=\"wp-block-uagb-buttons uagb-buttons__outer-wrap uagb-btn__default-btn uagb-btn-tablet__default-btn uagb-btn-mobile__default-btn uagb-block-53ce2aa6\"><div class=\"uagb-buttons__wrap uagb-buttons-layout-wrap\">\n<div class=\"wp-block-uagb-buttons-child uagb-buttons__outer-wrap uagb-block-751a5f40 wp-block-button\"><div class=\"uagb-button__wrapper\"><a class=\"uagb-buttons-repeater wp-block-button__link\" aria-label=\"\" href=\"#footer\" rel=\"follow noopener\" target=\"_self\" role=\"button\"><div class=\"uagb-button__link\">Spojte sa s nami<\/div><\/a><\/div><\/div>\n<\/div><\/div>\n<\/div>\n<\/div>\n<\/div><\/div>\n\n\n\n<div id=\"locations\" class=\"wp-block-uagb-container uagb-block-3f838843 alignfull uagb-is-root-container\"><div class=\"uagb-container-inner-blocks-wrap\">\n<div class=\"wp-block-uagb-container uagb-block-798d70ab\">\n<div class=\"wp-block-uagb-advanced-heading uagb-block-ea210789\"><h2 class=\"uagb-heading-text\">Na\u0161e lokality<\/h2><\/div>\n\n\n\n<div class=\"wp-block-uagb-advanced-heading uagb-block-d664ca7a\"><p class=\"uagb-heading-text\">M\u00e1me nieko\u013eko bytov v atrakt\u00edvnych lokalit\u00e1ch v okol\u00ed Kol\u00edna nad R\u00fdnom<\/p><\/div>\n<\/div>\n\n\n\n<div class=\"wp-block-uagb-container uagb-block-0f96cd1d\">\n<div class=\"wp-block-uagb-container uagb-block-4d4a47b0\">\n<div class=\"wp-block-uagb-info-box uagb-block-6ff00ec6 uagb-infobox__content-wrap  uagb-infobox-icon-above-title uagb-infobox-image-valign-top\"><div class=\"uagb-ifb-content\"><div class=\"uagb-ifb-image-content\"><img decoding=\"async\" src=\"https:\/\/home4now.de\/wp-content\/uploads\/2025\/04\/Good-highway-connection.png\" alt=\"\" width=\"\" height=\"0\" loading=\"lazy\"\/><\/div><div class=\"uagb-ifb-title-wrap\"><\/div><p class=\"uagb-ifb-desc\">Dobr\u00e9 dia\u013eni\u010dn\u00e9 spojenie<\/p><\/div><\/div>\n<\/div>\n\n\n\n<div class=\"wp-block-uagb-container uagb-block-7dad8155\">\n<div class=\"wp-block-uagb-info-box uagb-block-a47d5ee8 uagb-infobox__content-wrap  uagb-infobox-icon-above-title uagb-infobox-image-valign-top\"><div class=\"uagb-ifb-content\"><div class=\"uagb-ifb-image-content\"><img decoding=\"async\" src=\"https:\/\/home4now.de\/wp-content\/uploads\/2025\/04\/Frame.png\" alt=\"\" width=\"\" height=\"0\" loading=\"lazy\"\/><\/div><div class=\"uagb-ifb-title-wrap\"><\/div><p class=\"uagb-ifb-desc\">Parkovacie zariadenia<\/p><\/div><\/div>\n<\/div>\n\n\n\n<div class=\"wp-block-uagb-container uagb-block-4ffc3b1f\">\n<div class=\"wp-block-uagb-info-box uagb-block-5ccd8c8c uagb-infobox__content-wrap  uagb-infobox-icon-above-title uagb-infobox-image-valign-top\"><div class=\"uagb-ifb-content\"><div class=\"uagb-ifb-image-content\"><img decoding=\"async\" src=\"https:\/\/home4now.de\/wp-content\/uploads\/2025\/04\/Short-trips-to-Cologne.png\" alt=\"\" width=\"\" height=\"0\" loading=\"lazy\"\/><\/div><div class=\"uagb-ifb-title-wrap\"><\/div><p class=\"uagb-ifb-desc\">Kr\u00e1tke vzdialenosti do Kol\u00edna nad R\u00fdnom<\/p><\/div><\/div>\n<\/div>\n<\/div>\n<\/div><\/div>\n\n\n\n<div class=\"wp-block-uagb-container uagb-block-445c476c alignfull uagb-is-root-container\"><div class=\"uagb-container-inner-blocks-wrap\">\n<div class=\"wp-block-uagb-advanced-heading uagb-block-3f3c55e1\"><h2 class=\"uagb-heading-text\">50126 Bergheim<\/h2><\/div>\n\n\n\n<div class=\"wp-block-uagb-container uagb-block-328c5e28\">\n<div class=\"wp-block-uagb-container uagb-layout-flex uagb-block-e153c308\">\n<div class=\"wp-block-uagb-container clickable-bg uagb-block-a87fbcad\">\n<a class=\"full-link\" href=\"https:\/\/home4now.de\/sk\/byty\/bm01\/\"><\/a>\n<\/div>\n\n\n\n<div class=\"wp-block-uagb-container uagb-block-0fe48ab8\">\n<div class=\"wp-block-uagb-advanced-heading uagb-block-e0f3d4b9\"><h4 class=\"uagb-heading-text\"><a href=\"https:\/\/home4now.de\/sk\/byty\/dor01\/\" title=\"BM01\">BM01<\/a><\/h4><\/div>\n\n\n\n<div class=\"wp-block-uagb-icon-list uagb-block-0fbbd12a\"><div class=\"uagb-icon-list__wrap\">\n<div class=\"wp-block-uagb-icon-list-child uagb-block-072391ff\"><span class=\"uagb-icon-list__source-wrap\"><img decoding=\"async\" class=\"uagb-icon-list__source-image\" src=\"https:\/\/home4now.de\/wp-content\/uploads\/2025\/04\/bed.png\" width=\"12\" height=\"10\" loading=\"lazy\" alt=\"\"\/><\/span><span class=\"uagb-icon-list__label\">3 dvojl\u00f4\u017ekov\u00e9 izby<\/span><\/div>\n\n\n\n<div class=\"wp-block-uagb-icon-list-child uagb-block-b74d507a\"><span class=\"uagb-icon-list__source-wrap\"><img decoding=\"async\" class=\"uagb-icon-list__source-image\" src=\"https:\/\/home4now.de\/wp-content\/uploads\/2025\/04\/cup.png\" width=\"12\" height=\"11\" loading=\"lazy\" alt=\"\"\/><\/span><span class=\"uagb-icon-list__label\">Priestor pre 6 os\u00f4b<\/span><\/div>\n<\/div><\/div>\n<\/div>\n<\/div>\n\n\n\n<div class=\"wp-block-uagb-container uagb-layout-flex uagb-block-f4f5c6d4\">\n<div class=\"wp-block-uagb-container clickable-bg uagb-block-4d7879b8\">\n<a class=\"full-link\" href=\"https:\/\/home4now.de\/sk\/byty\/bm02\/\"><\/a>\n<\/div>\n\n\n\n<div class=\"wp-block-uagb-container uagb-block-0927604c\">\n<div class=\"wp-block-uagb-advanced-heading uagb-block-908017f9\"><h4 class=\"uagb-heading-text\"><a href=\"https:\/\/home4now.de\/sk\/byty\/dor01\/\" title=\"BM02\">BM02<\/a><\/h4><\/div>\n\n\n\n<div class=\"wp-block-uagb-icon-list uagb-block-c4c4e7b6\"><div class=\"uagb-icon-list__wrap\">\n<div class=\"wp-block-uagb-icon-list-child uagb-block-d74e40ee\"><span class=\"uagb-icon-list__source-wrap\"><img decoding=\"async\" class=\"uagb-icon-list__source-image\" src=\"https:\/\/home4now.de\/wp-content\/uploads\/2025\/04\/bed.png\" width=\"12\" height=\"10\" loading=\"lazy\" alt=\"\"\/><\/span><span class=\"uagb-icon-list__label\">1 dvojl\u00f4\u017ekov\u00e1 a jedna trojl\u00f4\u017ekov\u00e1 izba<\/span><\/div>\n\n\n\n<div class=\"wp-block-uagb-icon-list-child uagb-block-7d3e0ba9\"><span class=\"uagb-icon-list__source-wrap\"><img decoding=\"async\" class=\"uagb-icon-list__source-image\" src=\"https:\/\/home4now.de\/wp-content\/uploads\/2025\/04\/cup.png\" width=\"12\" height=\"11\" loading=\"lazy\" alt=\"\"\/><\/span><span class=\"uagb-icon-list__label\">Priestor pre 5 os\u00f4b<\/span><\/div>\n<\/div><\/div>\n<\/div>\n<\/div>\n<\/div>\n\n\n\n<div class=\"wp-block-uagb-advanced-heading uagb-block-391d8e70\"><h2 class=\"uagb-heading-text\">41540 Dormagen<\/h2><\/div>\n\n\n\n<div class=\"wp-block-uagb-container uagb-block-4b7223fc\">\n<div class=\"wp-block-uagb-container uagb-layout-flex uagb-block-8c771fa4\">\n<div class=\"wp-block-uagb-container clickable-bg uagb-block-a5c70de6\">\n<a class=\"full-link\" href=\"https:\/\/home4now.de\/sk\/byty\/dor01\/\"><\/a>\n<\/div>\n\n\n\n<div class=\"wp-block-uagb-container uagb-block-3f7b397f\">\n<div class=\"wp-block-uagb-advanced-heading uagb-block-ae70a896\"><h4 class=\"uagb-heading-text\"><a href=\"https:\/\/home4now.de\/sk\/byty\/dor01\/\" title=\"DOR01\">DOR01<\/a><\/h4><\/div>\n\n\n\n<div class=\"wp-block-uagb-icon-list uagb-block-4792134b\"><div class=\"uagb-icon-list__wrap\">\n<div class=\"wp-block-uagb-icon-list-child uagb-block-6d6ef958\"><span class=\"uagb-icon-list__source-wrap\"><img decoding=\"async\" class=\"uagb-icon-list__source-image\" src=\"https:\/\/home4now.de\/wp-content\/uploads\/2025\/04\/bed.png\" width=\"12\" height=\"10\" loading=\"lazy\" alt=\"\"\/><\/span><span class=\"uagb-icon-list__label\">1 trojl\u00f4\u017ekov\u00e1 izba<\/span><\/div>\n\n\n\n<div class=\"wp-block-uagb-icon-list-child uagb-block-d0b8fa5e\"><span class=\"uagb-icon-list__source-wrap\"><img decoding=\"async\" class=\"uagb-icon-list__source-image\" src=\"https:\/\/home4now.de\/wp-content\/uploads\/2025\/04\/bed.png\" width=\"12\" height=\"10\" loading=\"lazy\" alt=\"\"\/><\/span><span class=\"uagb-icon-list__label\">1 dvojl\u00f4\u017ekov\u00e1 izba<\/span><\/div>\n\n\n\n<div class=\"wp-block-uagb-icon-list-child uagb-block-1b8258af\"><span class=\"uagb-icon-list__source-wrap\"><img decoding=\"async\" class=\"uagb-icon-list__source-image\" src=\"https:\/\/home4now.de\/wp-content\/uploads\/2025\/04\/bed.png\" width=\"12\" height=\"10\" loading=\"lazy\" alt=\"\"\/><\/span><span class=\"uagb-icon-list__label\">1 jednol\u00f4\u017ekov\u00e1 izba<\/span><\/div>\n<\/div><\/div>\n<\/div>\n<\/div>\n\n\n\n<div class=\"wp-block-uagb-container uagb-layout-flex uagb-block-fb673b18\">\n<div class=\"wp-block-uagb-container clickable-bg uagb-block-822fd9f1\">\n<a class=\"full-link\" href=\"https:\/\/home4now.de\/sk\/byty\/dor02\/\"><\/a>\n<\/div>\n\n\n\n<div class=\"wp-block-uagb-container uagb-block-5d5f294e\">\n<div class=\"wp-block-uagb-advanced-heading uagb-block-49d542d0\"><h4 class=\"uagb-heading-text\"><a href=\"https:\/\/home4now.de\/sk\/byty\/dor02\/\" title=\"DOR02\">DOR02<\/a><\/h4><\/div>\n\n\n\n<div class=\"wp-block-uagb-icon-list uagb-block-8fa16c24\"><div class=\"uagb-icon-list__wrap\">\n<div class=\"wp-block-uagb-icon-list-child uagb-block-e5420c01\"><span class=\"uagb-icon-list__source-wrap\"><img decoding=\"async\" class=\"uagb-icon-list__source-image\" src=\"https:\/\/home4now.de\/wp-content\/uploads\/2025\/04\/bed.png\" width=\"12\" height=\"10\" loading=\"lazy\" alt=\"\"\/><\/span><span class=\"uagb-icon-list__label\">1 trojl\u00f4\u017ekov\u00e1 izba<\/span><\/div>\n\n\n\n<div class=\"wp-block-uagb-icon-list-child uagb-block-9942a980\"><span class=\"uagb-icon-list__source-wrap\"><img decoding=\"async\" class=\"uagb-icon-list__source-image\" src=\"https:\/\/home4now.de\/wp-content\/uploads\/2025\/04\/bed.png\" width=\"12\" height=\"10\" loading=\"lazy\" alt=\"\"\/><\/span><span class=\"uagb-icon-list__label\">1 dvojl\u00f4\u017ekov\u00e1 izba<\/span><\/div>\n\n\n\n<div class=\"wp-block-uagb-icon-list-child uagb-block-a339d26e\"><span class=\"uagb-icon-list__source-wrap\"><img decoding=\"async\" class=\"uagb-icon-list__source-image\" src=\"https:\/\/home4now.de\/wp-content\/uploads\/2025\/04\/bed.png\" width=\"12\" height=\"10\" loading=\"lazy\" alt=\"\"\/><\/span><span class=\"uagb-icon-list__label\">1 jednol\u00f4\u017ekov\u00e1 izba<\/span><\/div>\n<\/div><\/div>\n<\/div>\n<\/div>\n<\/div>\n\n\n\n<div class=\"wp-block-uagb-container uagb-block-465b7042\">\n<div class=\"wp-block-uagb-container uagb-layout-flex uagb-block-6cc0afd9\">\n<div class=\"wp-block-uagb-container clickable-bg uagb-block-d04c71b5\">\n<a class=\"full-link\" href=\"https:\/\/home4now.de\/sk\/byty\/dor03\/\"><\/a>\n<\/div>\n\n\n\n<div class=\"wp-block-uagb-container uagb-block-303fd63c\">\n<div class=\"wp-block-uagb-advanced-heading uagb-block-d46a5107\"><h4 class=\"uagb-heading-text\"><a href=\"https:\/\/home4now.de\/sk\/byty\/dor01\/\" title=\"DOR03\">DOR03<\/a><\/h4><\/div>\n\n\n\n<div class=\"wp-block-uagb-icon-list uagb-block-bbf5891a\"><div class=\"uagb-icon-list__wrap\">\n<div class=\"wp-block-uagb-icon-list-child uagb-block-2e799163\"><span class=\"uagb-icon-list__source-wrap\"><img decoding=\"async\" class=\"uagb-icon-list__source-image\" src=\"https:\/\/home4now.de\/wp-content\/uploads\/2025\/04\/bed.png\" width=\"12\" height=\"10\" loading=\"lazy\" alt=\"\"\/><\/span><span class=\"uagb-icon-list__label\">1 trojl\u00f4\u017ekov\u00e1 izba<\/span><\/div>\n\n\n\n<div class=\"wp-block-uagb-icon-list-child uagb-block-b040e284\"><span class=\"uagb-icon-list__source-wrap\"><img decoding=\"async\" class=\"uagb-icon-list__source-image\" src=\"https:\/\/home4now.de\/wp-content\/uploads\/2025\/04\/bed.png\" width=\"12\" height=\"10\" loading=\"lazy\" alt=\"\"\/><\/span><span class=\"uagb-icon-list__label\">1 dvojl\u00f4\u017ekov\u00e1 izba<\/span><\/div>\n\n\n\n<div class=\"wp-block-uagb-icon-list-child uagb-block-83f85354\"><span class=\"uagb-icon-list__source-wrap\"><img decoding=\"async\" class=\"uagb-icon-list__source-image\" src=\"https:\/\/home4now.de\/wp-content\/uploads\/2025\/04\/bed.png\" width=\"12\" height=\"10\" loading=\"lazy\" alt=\"\"\/><\/span><span class=\"uagb-icon-list__label\">1 jednol\u00f4\u017ekov\u00e1 izba<\/span><\/div>\n<\/div><\/div>\n<\/div>\n<\/div>\n\n\n\n<div class=\"wp-block-uagb-container uagb-layout-flex uagb-block-f00f2cf6\">\n<div class=\"wp-block-uagb-container clickable-bg uagb-block-cb9ba8bc\">\n<a class=\"full-link\" href=\"https:\/\/home4now.de\/sk\/byty\/dor04\/\"><\/a>\n<\/div>\n\n\n\n<div class=\"wp-block-uagb-container uagb-block-07c38517\">\n<div class=\"wp-block-uagb-advanced-heading uagb-block-055e6734\"><h4 class=\"uagb-heading-text\"><a href=\"https:\/\/home4now.de\/sk\/byty\/dor01\/\" title=\"DOR04\">DOR04<\/a><\/h4><\/div>\n\n\n\n<div class=\"wp-block-uagb-icon-list uagb-block-835dc94a\"><div class=\"uagb-icon-list__wrap\">\n<div class=\"wp-block-uagb-icon-list-child uagb-block-3f1e6a36\"><span class=\"uagb-icon-list__source-wrap\"><img decoding=\"async\" class=\"uagb-icon-list__source-image\" src=\"https:\/\/home4now.de\/wp-content\/uploads\/2025\/04\/bed.png\" width=\"12\" height=\"10\" loading=\"lazy\" alt=\"\"\/><\/span><span class=\"uagb-icon-list__label\">1 trojl\u00f4\u017ekov\u00e1 izba<\/span><\/div>\n\n\n\n<div class=\"wp-block-uagb-icon-list-child uagb-block-b0624983\"><span class=\"uagb-icon-list__source-wrap\"><img decoding=\"async\" class=\"uagb-icon-list__source-image\" src=\"https:\/\/home4now.de\/wp-content\/uploads\/2025\/04\/bed.png\" width=\"12\" height=\"10\" loading=\"lazy\" alt=\"\"\/><\/span><span class=\"uagb-icon-list__label\">1 dvojl\u00f4\u017ekov\u00e1 izba<\/span><\/div>\n\n\n\n<div class=\"wp-block-uagb-icon-list-child uagb-block-33b44dd4\"><span class=\"uagb-icon-list__source-wrap\"><img decoding=\"async\" class=\"uagb-icon-list__source-image\" src=\"https:\/\/home4now.de\/wp-content\/uploads\/2025\/04\/bed.png\" width=\"12\" height=\"10\" loading=\"lazy\" alt=\"\"\/><\/span><span class=\"uagb-icon-list__label\">1 jednol\u00f4\u017ekov\u00e1 izba<\/span><\/div>\n<\/div><\/div>\n<\/div>\n<\/div>\n<\/div>\n<\/div><\/div>","protected":false},"excerpt":{"rendered":"<p>Wohnungen f\u00fcr Monteure in der Metropolregion K\u00f6ln Entspannen Sie sich nach getaner Arbeit:Top Monteursunterk\u00fcnfte zur Miete jetzt verf\u00fcgbar! Unsere Standorte Wir verf\u00fcgen \u00fcber mehrere Wohnungen in attraktiven Lagen rundum K\u00f6ln 50126 Bergheim BM01 BM02 41540 Dormagen DOR01 DOR02 DOR03 DOR04<\/p>","protected":false},"author":2,"featured_media":543,"parent":0,"menu_order":0,"comment_status":"closed","ping_status":"closed","template":"","meta":{"_uag_custom_page_level_css":"","footnotes":""},"class_list":["post-61","page","type-page","status-publish","has-post-thumbnail","hentry"],"aioseo_notices":[],"uagb_featured_image_src":{"full":["https:\/\/home4now.de\/wp-content\/uploads\/2025\/04\/DOR02-3-Bett-Zimmer-scaled.jpeg",2560,2378,false],"thumbnail":["https:\/\/home4now.de\/wp-content\/uploads\/2025\/04\/DOR02-3-Bett-Zimmer-150x150.jpeg",150,150,true],"medium":["https:\/\/home4now.de\/wp-content\/uploads\/2025\/04\/DOR02-3-Bett-Zimmer-300x279.jpeg",300,279,true],"medium_large":["https:\/\/home4now.de\/wp-content\/uploads\/2025\/04\/DOR02-3-Bett-Zimmer-768x713.jpeg",768,713,true],"large":["https:\/\/home4now.de\/wp-content\/uploads\/2025\/04\/DOR02-3-Bett-Zimmer-1024x951.jpeg",1024,951,true],"1536x1536":["https:\/\/home4now.de\/wp-content\/uploads\/2025\/04\/DOR02-3-Bett-Zimmer-1536x1427.jpeg",1536,1427,true],"2048x2048":["https:\/\/home4now.de\/wp-content\/uploads\/2025\/04\/DOR02-3-Bett-Zimmer-2048x1902.jpeg",2048,1902,true],"trp-custom-language-flag":["https:\/\/home4now.de\/wp-content\/uploads\/2025\/04\/DOR02-3-Bett-Zimmer-13x12.jpeg",13,12,true]},"uagb_author_info":{"display_name":"Khalid M","author_link":"https:\/\/home4now.de\/sk\/author\/khalidm\/"},"uagb_comment_info":0,"uagb_excerpt":"Wohnungen f\u00fcr Monteure in der Metropolregion K\u00f6ln Entspannen Sie sich nach getaner Arbeit:Top Monteursunterk\u00fcnfte zur Miete jetzt verf\u00fcgbar! Unsere Standorte Wir verf\u00fcgen \u00fcber mehrere Wohnungen in attraktiven Lagen rundum K\u00f6ln 50126 Bergheim BM01 BM02 41540 Dormagen DOR01 DOR02 DOR03 DOR04","_links":{"self":[{"href":"https:\/\/home4now.de\/sk\/wp-json\/wp\/v2\/pages\/61","targetHints":{"allow":["GET"]}}],"collection":[{"href":"https:\/\/home4now.de\/sk\/wp-json\/wp\/v2\/pages"}],"about":[{"href":"https:\/\/home4now.de\/sk\/wp-json\/wp\/v2\/types\/page"}],"author":[{"embeddable":true,"href":"https:\/\/home4now.de\/sk\/wp-json\/wp\/v2\/users\/2"}],"replies":[{"embeddable":true,"href":"https:\/\/home4now.de\/sk\/wp-json\/wp\/v2\/comments?post=61"}],"version-history":[{"count":136,"href":"https:\/\/home4now.de\/sk\/wp-json\/wp\/v2\/pages\/61\/revisions"}],"predecessor-version":[{"id":625,"href":"https:\/\/home4now.de\/sk\/wp-json\/wp\/v2\/pages\/61\/revisions\/625"}],"wp:featuredmedia":[{"embeddable":true,"href":"https:\/\/home4now.de\/sk\/wp-json\/wp\/v2\/media\/543"}],"wp:attachment":[{"href":"https:\/\/home4now.de\/sk\/wp-json\/wp\/v2\/media?parent=61"}],"curies":[{"name":"wp","href":"https:\/\/api.w.org\/{rel}","templated":true}]}}